{"id":243,"date":"2016-08-31T16:59:44","date_gmt":"2016-08-31T14:59:44","guid":{"rendered":"http:\/\/bba1ingenieros.com\/ca\/?page_id=243"},"modified":"2021-11-05T14:21:48","modified_gmt":"2021-11-05T13:21:48","slug":"topografia","status":"publish","type":"page","link":"https:\/\/bba1ingenieros.com\/ca\/topografia\/","title":{"rendered":"Topografia"},"content":{"rendered":"<div class=\"fusion-fullwidth fullwidth-box fusion-builder-row-1 fusion-parallax-none bgfull nonhundred-percent-fullwidth non-hundred-percent-height-scrolling\" style=\"background-color: rgba(255,255,255,0);background-image: url(&quot;http:\/\/bba1ingenieros.com\/wp-content\/uploads\/2016\/07\/topografia.jpg&quot;);background-position: left top;background-repeat: no-repeat;padding-top:0px;padding-right:0px;padding-bottom:0px;padding-left:0px;margin-bottom: 0px;margin-top: 0px;border-width: 0px 0px 0px 0px;border-color:#eae9e9;border-style:solid;-webkit-background-size:cover;-moz-background-size:cover;-o-background-size:cover;background-size:cover;\" ><div class=\"fusion-builder-row fusion-row\"><div class=\"fusion-layout-column fusion_builder_column fusion-builder-column-0 fusion_builder_column_3_5 3_5 fusion-three-fifth fusion-column-first\" style=\"width:58.4%; margin-right: 4%;margin-top:30px;margin-bottom:0px;\"><div class=\"fusion-column-wrapper fusion-flex-column-wrapper-legacy\" style=\"background-position:left top;background-repeat:no-repeat;-webkit-background-size:cover;-moz-background-size:cover;-o-background-size:cover;background-size:cover;padding: 0px 0px 0px 0px;\"><div class=\"fusion-text fusion-text-1\"><div style=\"text-align: justify;\">El departament de topografia de BBA1 disposa d\u2019\u00e0mplia experi\u00e8ncia en topografia especialitzada en l\u00ednies el\u00e8ctriques i parcs e\u00f2lics, aix\u00ed com obres lineals, que sumada a l\u2019equipament t\u00e8cnic de darrera generaci\u00f3, aplicacions inform\u00e0tiques pr\u00f2pies, i a l\u2019esfor\u00e7 persona de cada integrant, permeten oferir als nostres clients resultats \u00f2ptims en un termini de resposta ajustat, aconseguint una execuci\u00f3 fiable dels projectes i obres en curs.<\/div>\n<\/div><div class=\"fusion-sep-clear\"><\/div><div class=\"fusion-separator fusion-full-width-sep\" style=\"margin-left: auto;margin-right: auto;margin-top:10px;margin-bottom:10px;width:100%;\"><\/div><div class=\"fusion-sep-clear\"><\/div><ul class=\"fusion-checklist fusion-checklist-1\" style=\"font-size:15px;line-height:25.5px;\"><li class=\"fusion-li-item\"><span style=\"height:25.5px;width:25.5px;margin-right:10.5px;\" class=\"icon-wrapper circle-no\"><i class=\"fusion-li-icon fa fa-angle-double-right\" style=\"color:#193558;\" aria-hidden=\"true\"><\/i><\/span><div class=\"fusion-li-item-content\" style=\"margin-left:36px;\">Presa de dades gps \/ estaci\u00f3 total<\/div><\/li><li class=\"fusion-li-item\"><span style=\"height:25.5px;width:25.5px;margin-right:10.5px;\" class=\"icon-wrapper circle-no\"><i class=\"fusion-li-icon fa fa-angle-double-right\" style=\"color:#193558;\" aria-hidden=\"true\"><\/i><\/span><div class=\"fusion-li-item-content\" style=\"margin-left:36px;\">Moviments de terres<\/div><\/li><li class=\"fusion-li-item\"><span style=\"height:25.5px;width:25.5px;margin-right:10.5px;\" class=\"icon-wrapper circle-no\"><i class=\"fusion-li-icon fa fa-angle-double-right\" style=\"color:#193558;\" aria-hidden=\"true\"><\/i><\/span><div class=\"fusion-li-item-content\" style=\"margin-left:36px;\">Replantejaments<\/div><\/li><li class=\"fusion-li-item\"><span style=\"height:25.5px;width:25.5px;margin-right:10.5px;\" class=\"icon-wrapper circle-no\"><i class=\"fusion-li-icon fa fa-angle-double-right\" style=\"color:#193558;\" aria-hidden=\"true\"><\/i><\/span><div class=\"fusion-li-item-content\" style=\"margin-left:36px;\">Control de l\u2019obra<\/div><\/li><li class=\"fusion-li-item\"><span style=\"height:25.5px;width:25.5px;margin-right:10.5px;\" class=\"icon-wrapper circle-no\"><i class=\"fusion-li-icon fa fa-angle-double-right\" style=\"color:#193558;\" aria-hidden=\"true\"><\/i><\/span><div class=\"fusion-li-item-content\" style=\"margin-left:36px;\">Certificacions<\/div><\/li><li class=\"fusion-li-item\"><span style=\"height:25.5px;width:25.5px;margin-right:10.5px;\" class=\"icon-wrapper circle-no\"><i class=\"fusion-li-icon fa fa-angle-double-right\" style=\"color:#193558;\" aria-hidden=\"true\"><\/i><\/span><div class=\"fusion-li-item-content\" style=\"margin-left:36px;\">Detecci\u00f3 de serveis enterrats mitjan\u00e7ant georadar<\/div><\/li><\/ul><div class=\"fusion-clearfix\"><\/div><\/div><\/div><\/div><\/div>\n","protected":false},"excerpt":{"rendered":"","protected":false},"author":2,"featured_media":0,"parent":0,"menu_order":0,"comment_status":"closed","ping_status":"closed","template":"100-width.php","meta":[],"yoast_head":"<!-- This site is optimized with the Yoast SEO plugin v17.5 - https:\/\/yoast.com\/wordpress\/plugins\/seo\/ -->\n<title>Topografia - BBA1 International Engineering<\/title>\n<meta name=\"robots\" content=\"index, follow, max-snippet:-1, max-image-preview:large, max-video-preview:-1\" \/>\n<link rel=\"canonical\" href=\"https:\/\/bba1ingenieros.com\/ca\/topografia\/\" \/>\n<meta property=\"og:locale\" content=\"ca_ES\" \/>\n<meta property=\"og:type\" content=\"article\" \/>\n<meta property=\"og:title\" content=\"Topografia - BBA1 International Engineering\" \/>\n<meta property=\"og:url\" content=\"https:\/\/bba1ingenieros.com\/ca\/topografia\/\" \/>\n<meta property=\"og:site_name\" content=\"BBA1 International Engineering\" \/>\n<meta property=\"article:modified_time\" content=\"2021-11-05T13:21:48+00:00\" \/>\n<meta name=\"twitter:card\" content=\"summary\" \/>\n<meta name=\"twitter:label1\" content=\"Temps estimat de lectura\" \/>\n\t<meta name=\"twitter:data1\" content=\"2 minuts\" \/>\n<script type=\"application\/ld+json\" class=\"yoast-schema-graph\">{\"@context\":\"https:\/\/schema.org\",\"@graph\":[{\"@type\":\"WebSite\",\"@id\":\"https:\/\/bba1ingenieros.com\/#website\",\"url\":\"https:\/\/bba1ingenieros.com\/\",\"name\":\"BBA1 International Engineering\",\"description\":\"- Serveis i Projectes d\\u2019Enginyeria, Saragossa - Empreses Enginyeria\",\"potentialAction\":[{\"@type\":\"SearchAction\",\"target\":{\"@type\":\"EntryPoint\",\"urlTemplate\":\"https:\/\/bba1ingenieros.com\/?s={search_term_string}\"},\"query-input\":\"required name=search_term_string\"}],\"inLanguage\":\"ca\"},{\"@type\":\"WebPage\",\"@id\":\"https:\/\/bba1ingenieros.com\/ca\/topografia\/#webpage\",\"url\":\"https:\/\/bba1ingenieros.com\/ca\/topografia\/\",\"name\":\"Topografia - BBA1 International Engineering\",\"isPartOf\":{\"@id\":\"https:\/\/bba1ingenieros.com\/#website\"},\"datePublished\":\"2016-08-31T14:59:44+00:00\",\"dateModified\":\"2021-11-05T13:21:48+00:00\",\"breadcrumb\":{\"@id\":\"https:\/\/bba1ingenieros.com\/ca\/topografia\/#breadcrumb\"},\"inLanguage\":\"ca\",\"potentialAction\":[{\"@type\":\"ReadAction\",\"target\":[\"https:\/\/bba1ingenieros.com\/ca\/topografia\/\"]}]},{\"@type\":\"BreadcrumbList\",\"@id\":\"https:\/\/bba1ingenieros.com\/ca\/topografia\/#breadcrumb\",\"itemListElement\":[{\"@type\":\"ListItem\",\"position\":1,\"name\":\"Portada\",\"item\":\"https:\/\/bba1ingenieros.com\/ca\/\"},{\"@type\":\"ListItem\",\"position\":2,\"name\":\"Topografia\"}]}]}<\/script>\n<!-- \/ Yoast SEO plugin. -->","yoast_head_json":{"title":"Topografia - BBA1 International Engineering","robots":{"index":"index","follow":"follow","max-snippet":"max-snippet:-1","max-image-preview":"max-image-preview:large","max-video-preview":"max-video-preview:-1"},"canonical":"https:\/\/bba1ingenieros.com\/ca\/topografia\/","og_locale":"ca_ES","og_type":"article","og_title":"Topografia - BBA1 International Engineering","og_url":"https:\/\/bba1ingenieros.com\/ca\/topografia\/","og_site_name":"BBA1 International Engineering","article_modified_time":"2021-11-05T13:21:48+00:00","twitter_card":"summary","twitter_misc":{"Temps estimat de lectura":"2 minuts"},"schema":{"@context":"https:\/\/schema.org","@graph":[{"@type":"WebSite","@id":"https:\/\/bba1ingenieros.com\/#website","url":"https:\/\/bba1ingenieros.com\/","name":"BBA1 International Engineering","description":"- Serveis i Projectes d\u2019Enginyeria, Saragossa - Empreses Enginyeria","potentialAction":[{"@type":"SearchAction","target":{"@type":"EntryPoint","urlTemplate":"https:\/\/bba1ingenieros.com\/?s={search_term_string}"},"query-input":"required name=search_term_string"}],"inLanguage":"ca"},{"@type":"WebPage","@id":"https:\/\/bba1ingenieros.com\/ca\/topografia\/#webpage","url":"https:\/\/bba1ingenieros.com\/ca\/topografia\/","name":"Topografia - BBA1 International Engineering","isPartOf":{"@id":"https:\/\/bba1ingenieros.com\/#website"},"datePublished":"2016-08-31T14:59:44+00:00","dateModified":"2021-11-05T13:21:48+00:00","breadcrumb":{"@id":"https:\/\/bba1ingenieros.com\/ca\/topografia\/#breadcrumb"},"inLanguage":"ca","potentialAction":[{"@type":"ReadAction","target":["https:\/\/bba1ingenieros.com\/ca\/topografia\/"]}]},{"@type":"BreadcrumbList","@id":"https:\/\/bba1ingenieros.com\/ca\/topografia\/#breadcrumb","itemListElement":[{"@type":"ListItem","position":1,"name":"Portada","item":"https:\/\/bba1ingenieros.com\/ca\/"},{"@type":"ListItem","position":2,"name":"Topografia"}]}]}},"_links":{"self":[{"href":"https:\/\/bba1ingenieros.com\/ca\/wp-json\/wp\/v2\/pages\/243"}],"collection":[{"href":"https:\/\/bba1ingenieros.com\/ca\/wp-json\/wp\/v2\/pages"}],"about":[{"href":"https:\/\/bba1ingenieros.com\/ca\/wp-json\/wp\/v2\/types\/page"}],"author":[{"embeddable":true,"href":"https:\/\/bba1ingenieros.com\/ca\/wp-json\/wp\/v2\/users\/2"}],"replies":[{"embeddable":true,"href":"https:\/\/bba1ingenieros.com\/ca\/wp-json\/wp\/v2\/comments?post=243"}],"version-history":[{"count":2,"href":"https:\/\/bba1ingenieros.com\/ca\/wp-json\/wp\/v2\/pages\/243\/revisions"}],"predecessor-version":[{"id":689,"href":"https:\/\/bba1ingenieros.com\/ca\/wp-json\/wp\/v2\/pages\/243\/revisions\/689"}],"wp:attachment":[{"href":"https:\/\/bba1ingenieros.com\/ca\/wp-json\/wp\/v2\/media?parent=243"}],"curies":[{"name":"wp","href":"https:\/\/api.w.org\/{rel}","templated":true}]}}