{"id":245,"date":"2016-07-25T07:58:58","date_gmt":"2016-07-25T07:58:58","guid":{"rendered":"http:\/\/bba1ingenieros.com\/ca\/contacto\/"},"modified":"2021-11-05T14:21:49","modified_gmt":"2021-11-05T13:21:49","slug":"contacte","status":"publish","type":"page","link":"https:\/\/bba1ingenieros.com\/ca\/contacte\/","title":{"rendered":"Contacte"},"content":{"rendered":"<div class=\"fusion-fullwidth fullwidth-box fusion-builder-row-1 hundred-percent-fullwidth non-hundred-percent-height-scrolling\" style=\"background-color: rgba(255,255,255,0);background-position: center center;background-repeat: no-repeat;padding-top:0px;padding-right:0px;padding-bottom:0px;padding-left:0px;margin-bottom: 0px;margin-top: 0px;border-width: 0px 0px 0px 0px;border-color:#eae9e9;border-style:solid;\" ><div class=\"fusion-builder-row fusion-row\"><div class=\"fusion-layout-column fusion_builder_column fusion-builder-column-0 fusion_builder_column_1_2 1_2 fusion-one-half fusion-column-first\" style=\"width:48%; margin-right: 4%;margin-top:0px;margin-bottom:0px;\"><div class=\"fusion-column-wrapper fusion-flex-column-wrapper-legacy\" style=\"background-position:left top;background-repeat:no-repeat;-webkit-background-size:cover;-moz-background-size:cover;-o-background-size:cover;background-size:cover;padding: 0px 0px 0px 0px;\"><script type=\"text\/javascript\">var gform;gform||(document.addEventListener(\"gform_main_scripts_loaded\",function(){gform.scriptsLoaded=!0}),window.addEventListener(\"DOMContentLoaded\",function(){gform.domLoaded=!0}),gform={domLoaded:!1,scriptsLoaded:!1,initializeOnLoaded:function(o){gform.domLoaded&&gform.scriptsLoaded?o():!gform.domLoaded&&gform.scriptsLoaded?window.addEventListener(\"DOMContentLoaded\",o):document.addEventListener(\"gform_main_scripts_loaded\",o)},hooks:{action:{},filter:{}},addAction:function(o,r,n,t){gform.addHook(\"action\",o,r,n,t)},addFilter:function(o,r,n,t){gform.addHook(\"filter\",o,r,n,t)},doAction:function(o){gform.doHook(\"action\",o,arguments)},applyFilters:function(o){return gform.doHook(\"filter\",o,arguments)},removeAction:function(o,r){gform.removeHook(\"action\",o,r)},removeFilter:function(o,r,n){gform.removeHook(\"filter\",o,r,n)},addHook:function(o,r,n,t,i){null==gform.hooks[o][r]&&(gform.hooks[o][r]=[]);var e=gform.hooks[o][r];null==i&&(i=r+\"_\"+e.length),gform.hooks[o][r].push({tag:i,callable:n,priority:t=null==t?10:t})},doHook:function(o,r,n){if(n=Array.prototype.slice.call(n,1),null!=gform.hooks[o][r]){var t,i=gform.hooks[o][r];i.sort(function(o,r){return o.priority-r.priority});for(var e=0;e<i.length;e++)\"function\"!=typeof(t=i[e].callable)&&(t=window[t]),\"action\"==o?t.apply(null,n):n[0]=t.apply(null,n)}if(\"filter\"==o)return n[0]},removeHook:function(o,r,n,t){if(null!=gform.hooks[o][r])for(var i=gform.hooks[o][r],e=i.length-1;0<=e;e--)null!=t&&t!=i[e].tag||null!=n&&n!=i[e].priority||i.splice(e,1)}});<\/script>\n                <div class='gf_browser_gecko gform_wrapper gform_legacy_markup_wrapper' id='gform_wrapper_2' ><form method='post' enctype='multipart\/form-data'  id='gform_2'  action='\/ca\/wp-json\/wp\/v2\/pages\/245' >\n                        <div class='gform_body gform-body'><ul id='gform_fields_2' class='gform_fields top_label form_sublabel_below description_below'><li id=\"field_2_1\" class=\"gfield gfield_contains_required field_sublabel_below field_description_below gfield_visibility_visible\" ><label class='gfield_label' for='input_2_1' >Nom <span class=\"gfield_required\"><span class=\"gfield_required gfield_required_asterisk\">*<\/span><\/span><\/label><div class='ginput_container ginput_container_text'><input name='input_1' id='input_2_1' type='text' value='' class='medium'    placeholder='Nom ' aria-required=\"true\" aria-invalid=\"false\"   \/> <\/div><\/li><li id=\"field_2_3\" class=\"gfield gfield_contains_required field_sublabel_below field_description_below gfield_visibility_visible\" ><label class='gfield_label' for='input_2_3' >Adre\u00e7a de e-mail <span class=\"gfield_required\"><span class=\"gfield_required gfield_required_asterisk\">*<\/span><\/span><\/label><div class='ginput_container ginput_container_email'>\n                            <input name='input_3' id='input_2_3' type='text' value='' class='medium'   placeholder='Email' aria-required=\"true\" aria-invalid=\"false\"  \/>\n                        <\/div><\/li><li id=\"field_2_6\" class=\"gfield gfield_contains_required field_sublabel_below field_description_below gfield_visibility_visible\" ><label class='gfield_label' for='input_2_6' >Tel\u00e8fon <span class=\"gfield_required\"><span class=\"gfield_required gfield_required_asterisk\">*<\/span><\/span><\/label><div class='ginput_container ginput_container_phone'><input name='input_6' id='input_2_6' type='text' value='' class='medium'  placeholder='Tel\u00e8fon ' aria-required=\"true\" aria-invalid=\"false\"   \/><\/div><\/li><li id=\"field_2_4\" class=\"gfield gfield_contains_required field_sublabel_below field_description_below gfield_visibility_visible\" ><label class='gfield_label' for='input_2_4' >Nom de l\u2019empresa <span class=\"gfield_required\"><span class=\"gfield_required gfield_required_asterisk\">*<\/span><\/span><\/label><div class='ginput_container ginput_container_text'><input name='input_4' id='input_2_4' type='text' value='' class='medium'    placeholder='Nom de l\u2019empresa ' aria-required=\"true\" aria-invalid=\"false\"   \/> <\/div><\/li><li id=\"field_2_5\" class=\"gfield gfield_contains_required field_sublabel_below field_description_below gfield_visibility_visible\" ><label class='gfield_label' for='input_2_5' >Missatge <span class=\"gfield_required\"><span class=\"gfield_required gfield_required_asterisk\">*<\/span><\/span><\/label><div class='ginput_container ginput_container_textarea'><textarea name='input_5' id='input_2_5' class='textarea medium'    placeholder='Escrigui aqu\u00ed el seu missatge...' aria-required=\"true\" aria-invalid=\"false\"   rows='10' cols='50'><\/textarea><\/div><\/li><li id=\"field_2_8\" class=\"gfield gfield_html gfield_html_formatted gfield_no_follows_desc field_sublabel_below field_description_below gfield_visibility_visible\" >*  Tots els camps del formulari s\u00f3n obligatoris <\/li><li id=\"field_2_7\" class=\"gfield campo-politica-privacidad gfield_contains_required field_sublabel_below field_description_below gfield_visibility_visible\" ><label class='gfield_label screen-reader-text gfield_label_before_complex'  ><span class=\"gfield_required\"><span class=\"gfield_required gfield_required_asterisk\">*<\/span><\/span><\/label><div class='ginput_container ginput_container_checkbox'><ul class='gfield_checkbox' id='input_2_7'><li class='gchoice gchoice_2_7_1'>\n\t\t\t\t\t\t\t\t<input class='gfield-choice-input' name='input_7.1' type='checkbox'  value='He le\u00eddo y acepto el  &lt;a target=&quot;_blank&quot; href=&quot;http:\/\/bba1ingenieros.com\/aviso-legal&quot;&gt;aviso legal&lt;\/a&gt;'  id='choice_2_7_1'   \/>\n\t\t\t\t\t\t\t\t<label for='choice_2_7_1' id='label_2_7_1'>He le\u00eddo y acepto el  <a target=\"_blank\" href=\"http:\/\/bba1ingenieros.com\/aviso-legal\">aviso legal<\/a><\/label>\n\t\t\t\t\t\t\t<\/li><\/ul><\/div><\/li><li id=\"field_2_9\" class=\"gfield gform_validation_container field_sublabel_below field_description_below gfield_visibility_visible\" ><label class='gfield_label' for='input_2_9' >Email<\/label><div class='ginput_container'><input name='input_9' id='input_2_9' type='text' value='' \/><\/div><div class='gfield_description' id='gfield_description_2_9'>Aquest camp nom\u00e9s \u00e9s per validaci\u00f3 i no s'ha de modificar.<\/div><\/li><\/ul><\/div>\n        <div class='gform_footer top_label'> <input type='submit' id='gform_submit_button_2' class='gform_button button' value='Enviar'  onclick='if(window[\"gf_submitting_2\"]){return false;}  window[\"gf_submitting_2\"]=true;  ' onkeypress='if( event.keyCode == 13 ){ if(window[\"gf_submitting_2\"]){return false;} window[\"gf_submitting_2\"]=true;  jQuery(\"#gform_2\").trigger(\"submit\",[true]); }' \/> \n            <input type='hidden' class='gform_hidden' name='is_submit_2' value='1' \/>\n            <input type='hidden' class='gform_hidden' name='gform_submit' value='2' \/>\n            \n            <input type='hidden' class='gform_hidden' name='gform_unique_id' value='' \/>\n            <input type='hidden' class='gform_hidden' name='state_2' value='WyJbXSIsImUxNzVjNzcxM2NjODMzNDBhOTA0NjUzZWRkZmMxODE0Il0=' \/>\n            <input type='hidden' class='gform_hidden' name='gform_target_page_number_2' id='gform_target_page_number_2' value='0' \/>\n            <input type='hidden' class='gform_hidden' name='gform_source_page_number_2' id='gform_source_page_number_2' value='1' \/>\n            <input type='hidden' name='gform_field_values' value='' \/>\n            \n        <\/div>\n                        <\/form>\n                        <\/div><div class=\"fusion-clearfix\"><\/div><\/div><\/div><div class=\"fusion-layout-column fusion_builder_column fusion-builder-column-1 fusion_builder_column_1_2 1_2 fusion-one-half fusion-column-last\" style=\"width:48%;margin-top:0px;margin-bottom:0px;\"><div class=\"fusion-column-wrapper fusion-flex-column-wrapper-legacy\" style=\"background-position:left top;background-repeat:no-repeat;-webkit-background-size:cover;-moz-background-size:cover;-o-background-size:cover;background-size:cover;padding: 0px 0px 0px 0px;\">\t\t\t\t\t<script type=\"text\/javascript\">\n\t\t\t\t\t\tvar map_fusion_map_69f1e36a794c7;\n\t\t\t\t\t\tvar markers = [];\n\t\t\t\t\t\tvar counter = 0;\n\t\t\t\t\t\t\t\t\t\t\t\t\t\t\t\t\t\t\t\tvar fusionMapNonce = '8aa727b493';\n\t\t\t\t\t\t\t\t\t\t\t\tfunction fusion_run_map_fusion_map_69f1e36a794c7() {\n\t\t\t\t\t\t\tjQuery('#fusion_map_69f1e36a794c7').fusion_maps({\n\t\t\t\t\t\t\t\taddresses: [{\"address\":\"21.3681543,-34.8291386\",\"infobox_content\":\"\",\"marker\":\" \",\"coordinates\":true,\"latitude\":\"21.3681543\",\"longitude\":\"-34.8291386\",\"cache\":true,\"geocoded_address\":\"21.3681543,-34.8291386\"},{\"address\":\" Calle Eduardo Ibarra, 6 50009 Zaragoza \",\"infobox_content\":\" Calle Eduardo Ibarra, 6 50009 Zaragoza \",\"marker\":\" http:\\\/\\\/bba1ingenieros.com\\\/wp-content\\\/uploads\\\/2016\\\/07\\\/marker.png\",\"coordinates\":false,\"cache\":true,\"latitude\":\"41.63759839999999\",\"longitude\":\"-0.903357700000015\"},{\"address\":\" Av. Ing. Luis P. Ponce 1331 11300 Montevideo \",\"infobox_content\":\" Av. Ing. Luis P. Ponce 1331 11300 Montevideo \",\"marker\":\" http:\\\/\\\/bba1ingenieros.com\\\/wp-content\\\/uploads\\\/2016\\\/07\\\/marker.png\",\"coordinates\":false,\"cache\":true,\"latitude\":\"-34.9034229\",\"longitude\":\"-56.16188349999999\"},{\"address\":\" Calle Enrique Palacios 335 Miraflores 15074 Per\\u00fa \",\"infobox_content\":\" Calle Enrique Palacios 335 Miraflores 15074 Per\\u00fa \",\"marker\":\" http:\\\/\\\/bba1ingenieros.com\\\/wp-content\\\/uploads\\\/2016\\\/07\\\/marker.png\",\"coordinates\":false,\"cache\":true,\"latitude\":\"-12.1169797\",\"longitude\":\"-77.03184290000002\"},{\"address\":\" Calle Madame Curie 27 Santo Domingo 10108 \",\"infobox_content\":\" Calle Madame Curie 27 Santo Domingo 10108 \",\"marker\":\" http:\\\/\\\/bba1ingenieros.com\\\/wp-content\\\/uploads\\\/2016\\\/07\\\/marker.png\",\"coordinates\":false,\"cache\":true,\"latitude\":\"18.4654017\",\"longitude\":\"-69.92255549999999\"},{\"address\":\" Cra. 38d Cali, Valle del Cauca Colombia\",\"infobox_content\":\" Cra. 38d Cali, Valle del Cauca Colombia\",\"marker\":\" http:\\\/\\\/bba1ingenieros.com\\\/wp-content\\\/uploads\\\/2016\\\/07\\\/marker.png\",\"coordinates\":false,\"cache\":true,\"latitude\":\"3.425848\",\"longitude\":\"-76.55009289999998\"}],\n\t\t\t\t\t\t\t\tanimations: true,\n\t\t\t\t\t\t\t\tinfobox_background_color: '',\n\t\t\t\t\t\t\t\tinfobox_styling: 'default',\n\t\t\t\t\t\t\t\tinfobox_text_color: '',\n\t\t\t\t\t\t\t\tmap_style: 'custom',\n\t\t\t\t\t\t\t\tmap_type: 'roadmap',\n\t\t\t\t\t\t\t\tmarker_icon: ' | http:\/\/bba1ingenieros.com\/wp-content\/uploads\/2016\/07\/marker.png| http:\/\/bba1ingenieros.com\/wp-content\/uploads\/2016\/07\/marker.png| http:\/\/bba1ingenieros.com\/wp-content\/uploads\/2016\/07\/marker.png| http:\/\/bba1ingenieros.com\/wp-content\/uploads\/2016\/07\/marker.png| http:\/\/bba1ingenieros.com\/wp-content\/uploads\/2016\/07\/marker.png',\n\t\t\t\t\t\t\t\toverlay_color: '',\n\t\t\t\t\t\t\t\toverlay_color_hsl: {\"hue\":0,\"sat\":0,\"lum\":100},\n\t\t\t\t\t\t\t\tpan_control: false,\n\t\t\t\t\t\t\t\tshow_address: false,\n\t\t\t\t\t\t\t\tscale_control: true,\n\t\t\t\t\t\t\t\tscrollwheel: false,\n\t\t\t\t\t\t\t\tzoom: 2,\n\t\t\t\t\t\t\t\tzoom_control: false,\n\t\t\t\t\t\t\t});\n\t\t\t\t\t\t}\n\n\t\t\t\t\t\tgoogle.maps.event.addDomListener(window, 'load', fusion_run_map_fusion_map_69f1e36a794c7);\n\t\t\t\t\t<\/script>\n\t\t\t\t\t<div class=\"shortcode-map fusion-google-map fusion-maps-js-type\" id=\"fusion_map_69f1e36a794c7\" style=\"height:500px;width:100%;\"><\/div><div class=\"fusion-clearfix\"><\/div><\/div><\/div><\/div><style type=\"text\/css\">.fusion-fullwidth.fusion-builder-row-1 { overflow:visible; }<\/style><\/div>\n","protected":false},"excerpt":{"rendered":"","protected":false},"author":2,"featured_media":0,"parent":0,"menu_order":0,"comment_status":"closed","ping_status":"closed","template":"","meta":[],"yoast_head":"<!-- This site is optimized with the Yoast SEO plugin v17.5 - https:\/\/yoast.com\/wordpress\/plugins\/seo\/ -->\n<title>Contacte - BBA1 International Engineering<\/title>\n<meta name=\"robots\" content=\"index, follow, max-snippet:-1, max-image-preview:large, max-video-preview:-1\" \/>\n<link rel=\"canonical\" href=\"https:\/\/bba1ingenieros.com\/ca\/contacte\/\" \/>\n<meta property=\"og:locale\" content=\"ca_ES\" \/>\n<meta property=\"og:type\" content=\"article\" \/>\n<meta property=\"og:title\" content=\"Contacte - BBA1 International Engineering\" \/>\n<meta property=\"og:url\" content=\"https:\/\/bba1ingenieros.com\/ca\/contacte\/\" \/>\n<meta property=\"og:site_name\" content=\"BBA1 International Engineering\" \/>\n<meta property=\"article:modified_time\" content=\"2021-11-05T13:21:49+00:00\" \/>\n<meta name=\"twitter:card\" content=\"summary\" \/>\n<meta name=\"twitter:label1\" content=\"Temps estimat de lectura\" \/>\n\t<meta name=\"twitter:data1\" content=\"1 minut\" \/>\n<script type=\"application\/ld+json\" class=\"yoast-schema-graph\">{\"@context\":\"https:\/\/schema.org\",\"@graph\":[{\"@type\":\"WebSite\",\"@id\":\"https:\/\/bba1ingenieros.com\/#website\",\"url\":\"https:\/\/bba1ingenieros.com\/\",\"name\":\"BBA1 International Engineering\",\"description\":\"- Serveis i Projectes d\\u2019Enginyeria, Saragossa - Empreses Enginyeria\",\"potentialAction\":[{\"@type\":\"SearchAction\",\"target\":{\"@type\":\"EntryPoint\",\"urlTemplate\":\"https:\/\/bba1ingenieros.com\/?s={search_term_string}\"},\"query-input\":\"required name=search_term_string\"}],\"inLanguage\":\"ca\"},{\"@type\":\"WebPage\",\"@id\":\"https:\/\/bba1ingenieros.com\/ca\/contacte\/#webpage\",\"url\":\"https:\/\/bba1ingenieros.com\/ca\/contacte\/\",\"name\":\"Contacte - BBA1 International Engineering\",\"isPartOf\":{\"@id\":\"https:\/\/bba1ingenieros.com\/#website\"},\"datePublished\":\"2016-07-25T07:58:58+00:00\",\"dateModified\":\"2021-11-05T13:21:49+00:00\",\"breadcrumb\":{\"@id\":\"https:\/\/bba1ingenieros.com\/ca\/contacte\/#breadcrumb\"},\"inLanguage\":\"ca\",\"potentialAction\":[{\"@type\":\"ReadAction\",\"target\":[\"https:\/\/bba1ingenieros.com\/ca\/contacte\/\"]}]},{\"@type\":\"BreadcrumbList\",\"@id\":\"https:\/\/bba1ingenieros.com\/ca\/contacte\/#breadcrumb\",\"itemListElement\":[{\"@type\":\"ListItem\",\"position\":1,\"name\":\"Portada\",\"item\":\"https:\/\/bba1ingenieros.com\/ca\/\"},{\"@type\":\"ListItem\",\"position\":2,\"name\":\"Contacte\"}]}]}<\/script>\n<!-- \/ Yoast SEO plugin. -->","yoast_head_json":{"title":"Contacte - BBA1 International Engineering","robots":{"index":"index","follow":"follow","max-snippet":"max-snippet:-1","max-image-preview":"max-image-preview:large","max-video-preview":"max-video-preview:-1"},"canonical":"https:\/\/bba1ingenieros.com\/ca\/contacte\/","og_locale":"ca_ES","og_type":"article","og_title":"Contacte - BBA1 International Engineering","og_url":"https:\/\/bba1ingenieros.com\/ca\/contacte\/","og_site_name":"BBA1 International Engineering","article_modified_time":"2021-11-05T13:21:49+00:00","twitter_card":"summary","twitter_misc":{"Temps estimat de lectura":"1 minut"},"schema":{"@context":"https:\/\/schema.org","@graph":[{"@type":"WebSite","@id":"https:\/\/bba1ingenieros.com\/#website","url":"https:\/\/bba1ingenieros.com\/","name":"BBA1 International Engineering","description":"- Serveis i Projectes d\u2019Enginyeria, Saragossa - Empreses Enginyeria","potentialAction":[{"@type":"SearchAction","target":{"@type":"EntryPoint","urlTemplate":"https:\/\/bba1ingenieros.com\/?s={search_term_string}"},"query-input":"required name=search_term_string"}],"inLanguage":"ca"},{"@type":"WebPage","@id":"https:\/\/bba1ingenieros.com\/ca\/contacte\/#webpage","url":"https:\/\/bba1ingenieros.com\/ca\/contacte\/","name":"Contacte - BBA1 International Engineering","isPartOf":{"@id":"https:\/\/bba1ingenieros.com\/#website"},"datePublished":"2016-07-25T07:58:58+00:00","dateModified":"2021-11-05T13:21:49+00:00","breadcrumb":{"@id":"https:\/\/bba1ingenieros.com\/ca\/contacte\/#breadcrumb"},"inLanguage":"ca","potentialAction":[{"@type":"ReadAction","target":["https:\/\/bba1ingenieros.com\/ca\/contacte\/"]}]},{"@type":"BreadcrumbList","@id":"https:\/\/bba1ingenieros.com\/ca\/contacte\/#breadcrumb","itemListElement":[{"@type":"ListItem","position":1,"name":"Portada","item":"https:\/\/bba1ingenieros.com\/ca\/"},{"@type":"ListItem","position":2,"name":"Contacte"}]}]}},"_links":{"self":[{"href":"https:\/\/bba1ingenieros.com\/ca\/wp-json\/wp\/v2\/pages\/245"}],"collection":[{"href":"https:\/\/bba1ingenieros.com\/ca\/wp-json\/wp\/v2\/pages"}],"about":[{"href":"https:\/\/bba1ingenieros.com\/ca\/wp-json\/wp\/v2\/types\/page"}],"author":[{"embeddable":true,"href":"https:\/\/bba1ingenieros.com\/ca\/wp-json\/wp\/v2\/users\/2"}],"replies":[{"embeddable":true,"href":"https:\/\/bba1ingenieros.com\/ca\/wp-json\/wp\/v2\/comments?post=245"}],"version-history":[{"count":3,"href":"https:\/\/bba1ingenieros.com\/ca\/wp-json\/wp\/v2\/pages\/245\/revisions"}],"predecessor-version":[{"id":694,"href":"https:\/\/bba1ingenieros.com\/ca\/wp-json\/wp\/v2\/pages\/245\/revisions\/694"}],"wp:attachment":[{"href":"https:\/\/bba1ingenieros.com\/ca\/wp-json\/wp\/v2\/media?parent=245"}],"curies":[{"name":"wp","href":"https:\/\/api.w.org\/{rel}","templated":true}]}}