{"id":248,"date":"2016-07-25T07:58:26","date_gmt":"2016-07-25T07:58:26","guid":{"rendered":"http:\/\/bba1ingenieros.com\/ca\/ingenieria\/"},"modified":"2021-11-05T14:21:50","modified_gmt":"2021-11-05T13:21:50","slug":"enginyeria","status":"publish","type":"page","link":"https:\/\/bba1ingenieros.com\/ca\/enginyeria\/","title":{"rendered":"Enginyeria"},"content":{"rendered":"<div class=\"fusion-fullwidth fullwidth-box fusion-builder-row-1 fusion-parallax-none bgfull nonhundred-percent-fullwidth non-hundred-percent-height-scrolling\" style=\"background-color: rgba(255,255,255,0);background-image: url(&quot;http:\/\/bba1ingenieros.com\/wp-content\/uploads\/2016\/07\/ingenieria-2.jpg&quot;);background-position: left top;background-repeat: no-repeat;padding-top:0px;padding-right:0px;padding-bottom:0px;padding-left:0px;margin-bottom: 0px;margin-top: 0px;border-width: 0px 0px 0px 0px;border-color:#eae9e9;border-style:solid;-webkit-background-size:cover;-moz-background-size:cover;-o-background-size:cover;background-size:cover;\" ><div class=\"fusion-builder-row fusion-row\"><div class=\"fusion-layout-column fusion_builder_column fusion-builder-column-0 fusion_builder_column_1_3 1_3 fusion-one-third fusion-column-first\" style=\"width:30.6666%; margin-right: 4%;margin-top:15px;margin-bottom:0px;\"><div class=\"fusion-column-wrapper fusion-flex-column-wrapper-legacy\" style=\"background-position:left top;background-repeat:no-repeat;-webkit-background-size:cover;-moz-background-size:cover;-o-background-size:cover;background-size:cover;padding: 0px 0px 0px 0px;\"><div class=\"fusion-text fusion-text-1\"><div style=\"text-align: justify;\">\n<p>En l\u2019\u00e0rea d\u2019enginyeria donem suport als nostres clients en el disseny, desenvolupament i planificaci\u00f3 dels seus projectes, comptant per a aquest prop\u00f2sit amb un equip multi disciplinar, aportant la nostra amplia experi\u00e8ncia en el sector el\u00e8ctric internacional en la totalitat de les fases del projecte :<\/p>\n<\/div>\n<\/div><div class=\"fusion-sep-clear\"><\/div><div class=\"fusion-separator fusion-full-width-sep\" style=\"margin-left: auto;margin-right: auto;margin-top:10px;margin-bottom:10px;width:100%;\"><\/div><div class=\"fusion-sep-clear\"><\/div><ul class=\"fusion-checklist fusion-checklist-1\" style=\"font-size:15px;line-height:25.5px;\"><li class=\"fusion-li-item\"><span style=\"height:25.5px;width:25.5px;margin-right:10.5px;\" class=\"icon-wrapper circle-no\"><i class=\"fusion-li-icon fa fa-angle-double-right\" style=\"color:#193558;\" aria-hidden=\"true\"><\/i><\/span><div class=\"fusion-li-item-content\" style=\"margin-left:36px;\">Estudis previs<\/div><\/li><li class=\"fusion-li-item\"><span style=\"height:25.5px;width:25.5px;margin-right:10.5px;\" class=\"icon-wrapper circle-no\"><i class=\"fusion-li-icon fa fa-angle-double-right\" style=\"color:#193558;\" aria-hidden=\"true\"><\/i><\/span><div class=\"fusion-li-item-content\" style=\"margin-left:36px;\">Estudis de viabilitat \/ factibilitat<\/div><\/li><li class=\"fusion-li-item\"><span style=\"height:25.5px;width:25.5px;margin-right:10.5px;\" class=\"icon-wrapper circle-no\"><i class=\"fusion-li-icon fa fa-angle-double-right\" style=\"color:#193558;\" aria-hidden=\"true\"><\/i><\/span><div class=\"fusion-li-item-content\" style=\"margin-left:36px;\">Avantprojectes<\/div><\/li><li class=\"fusion-li-item\"><span style=\"height:25.5px;width:25.5px;margin-right:10.5px;\" class=\"icon-wrapper circle-no\"><i class=\"fusion-li-icon fa fa-angle-double-right\" style=\"color:#193558;\" aria-hidden=\"true\"><\/i><\/span><div class=\"fusion-li-item-content\" style=\"margin-left:36px;\">Projectes b\u00e0sics<\/div><\/li><li class=\"fusion-li-item\"><span style=\"height:25.5px;width:25.5px;margin-right:10.5px;\" class=\"icon-wrapper circle-no\"><i class=\"fusion-li-icon fa fa-angle-double-right\" style=\"color:#193558;\" aria-hidden=\"true\"><\/i><\/span><div class=\"fusion-li-item-content\" style=\"margin-left:36px;\">Projectes de detall<\/div><\/li><\/ul><div class=\"fusion-clearfix\"><\/div><\/div><\/div><div class=\"fusion-layout-column fusion_builder_column fusion-builder-column-1 fusion_builder_column_1_3 1_3 fusion-one-third\" style=\"margin-top:15px;margin-bottom:0px;\"><div class=\"fusion-column-wrapper fusion-flex-column-wrapper-legacy\" style=\"background-position:left top;background-repeat:no-repeat;-webkit-background-size:cover;-moz-background-size:cover;-o-background-size:cover;background-size:cover;padding: 0px 0px 0px 0px;\"><div class=\"fusion-text fusion-text-2\"><div class=\"ing-categoria\">\n<div class=\"ing-titulo\">El\u00e8ctrica<\/div>\n<div class=\"ing-desglose\">\n<ul>\n<li>L\u00ednies el\u00e8ctriques d\u2019alta tensi\u00f3<\/li>\n<li>L\u00ednies el\u00e8ctriques de mitja i baixa tensi\u00f3<\/li>\n<li>Repotenciaci\u00f3 de l\u00ednies el\u00e8ctriques<\/li>\n<li>Subestacions<\/li>\n<li>Centres de transformaci\u00f3<\/li>\n<\/ul>\n<\/div>\n<\/div>\n<\/div><div class=\"fusion-text fusion-text-3\"><div class=\"ing-categoria\">\n<div class=\"ing-titulo\">Instal\u00b7lacions<\/div>\n<div class=\"ing-desglose\">\n<ul>\n<li>Projectes d\u2019activitat classificada<\/li>\n<li>Projectes de prevenci\u00f3 d\u2019incendis<\/li>\n<li>Projectes de condicionament<\/li>\n<li>Projectes d\u2019a\u00efllament ac\u00fastic<\/li>\n<li>Projectes d\u2019enllumenat<\/li>\n<\/ul>\n<\/div>\n<\/div>\n<\/div><div class=\"fusion-text fusion-text-4\"><div class=\"ing-categoria\">\n<div class=\"ing-titulo\">Assessoria<\/div>\n<div class=\"ing-desglose\">\n<ul>\n<li>Due diligence<\/li>\n<li>Supervisi\u00f3 construcci\u00f3<\/li>\n<li>Revisi\u00f3 de la recepci\u00f3 provisional\/ definitiva<\/li>\n<li>Auditories<\/li>\n<li>Estudis de viabilitat t\u00e8cnica \/ econ\u00f2mica \/ legal de projectes<\/li>\n<li>An\u00e0lisi t\u00e8cnica i econ\u00f2mica d\u2019ofertes \/ ofertants<\/li>\n<li>Inspeccions t\u00e8cniques<\/li>\n<li>Operaci\u00f3, manteniment i explotaci\u00f3 d\u2019instal\u00b7lacions<\/li>\n<\/ul>\n<\/div>\n<\/div>\n<\/div><div class=\"fusion-text fusion-text-5\"><div class=\"ing-categoria\">\n<div class=\"ing-titulo\">Programaci\u00f3<\/div>\n<div class=\"ing-desglose\">\n<ul>\n<li>Programaci\u00f3 t\u00e8cnica a mida<\/li>\n<li>Aplicacions t\u00e8cniques<\/li>\n<li>Bases de dades<\/li>\n<\/ul>\n<\/div>\n<\/div>\n<\/div><div class=\"fusion-clearfix\"><\/div><\/div><\/div><div class=\"fusion-layout-column fusion_builder_column fusion-builder-column-2 fusion_builder_column_1_3 1_3 fusion-one-third fusion-column-last\" style=\"width:30.6666%;margin-top:15px;margin-bottom:0px;\"><div class=\"fusion-column-wrapper fusion-flex-column-wrapper-legacy\" style=\"background-position:left top;background-repeat:no-repeat;-webkit-background-size:cover;-moz-background-size:cover;-o-background-size:cover;background-size:cover;padding: 0px 0px 0px 0px;\"><div class=\"fusion-text fusion-text-6\"><div class=\"ing-categoria\">\n<div class=\"ing-titulo\">Renovables<\/div>\n<div class=\"ing-desglose\">\n<ul>\n<li>Parcs e\u00f2lics<\/li>\n<li>Centrals solars termoel\u00e8ctriques<\/li>\n<li>Plantes fotovoltaiques<\/li>\n<li>Assist\u00e8ncia t\u00e8cnica en promoci\u00f3 i explotaci\u00f3 d\u2019instal\u00b7lacions d\u2019energies renovables<\/li>\n<li>Road Survey<\/li>\n<\/ul>\n<\/div>\n<\/div>\n<\/div><div class=\"fusion-text fusion-text-7\"><div class=\"ing-categoria\">\n<div class=\"ing-titulo\">Comunicacions<\/div>\n<div class=\"ing-desglose\">\n<ul>\n<li>Centres de telecomunicaci\u00f3<\/li>\n<li>Estudis de c\u00e0rrega, refor\u00e7 i ampliacions<\/li>\n<li>Desplegaments de xarxa<\/li>\n<li>Estacions base<\/li>\n<li>Xarxes de cable i fth<\/li>\n<\/ul>\n<\/div>\n<\/div>\n<\/div><div class=\"fusion-text fusion-text-8\"><div class=\"ing-categoria\">\n<div class=\"ing-titulo\">Gasificaci\u00f3<\/div>\n<div class=\"ing-desglose\">\n<ul>\n<li>Avantprojectes i projectes d\u2019autoritzaci\u00f3 administrativa de transport i\/o distribuci\u00f3<\/li>\n<li>Projectes d\u2019execuci\u00f3\n<ul>\n<li>Planta sat\u00e8l\u00b7lit (GNL, GLP i AP)<\/li>\n<li>Xarxes singulars de transport i\/o distribuci\u00f3<\/li>\n<\/ul>\n<\/li>\n<\/ul>\n<ul>\n<li>Projectes constructius<\/li>\n<li>Plans d\u2019emerg\u00e8ncia\n<ul>\n<li>Plantes sat\u00e8l\u00b7lit<\/li>\n<li>Gasoductes de transport<\/li>\n<\/ul>\n<\/li>\n<li>Mem\u00f2ries descriptives d\u2019escomeses<\/li>\n<\/ul>\n<\/div>\n<\/div>\n<\/div><div class=\"fusion-clearfix\"><\/div><\/div><\/div><\/div><\/div>\n","protected":false},"excerpt":{"rendered":"","protected":false},"author":2,"featured_media":0,"parent":0,"menu_order":0,"comment_status":"closed","ping_status":"closed","template":"100-width.php","meta":[],"yoast_head":"<!-- This site is optimized with the Yoast SEO plugin v17.5 - https:\/\/yoast.com\/wordpress\/plugins\/seo\/ -->\n<title>Enginyeria - BBA1 International Engineering<\/title>\n<meta name=\"robots\" content=\"index, follow, max-snippet:-1, max-image-preview:large, max-video-preview:-1\" \/>\n<link rel=\"canonical\" href=\"https:\/\/bba1ingenieros.com\/ca\/enginyeria\/\" \/>\n<meta property=\"og:locale\" content=\"ca_ES\" \/>\n<meta property=\"og:type\" content=\"article\" \/>\n<meta property=\"og:title\" content=\"Enginyeria - BBA1 International Engineering\" \/>\n<meta property=\"og:url\" content=\"https:\/\/bba1ingenieros.com\/ca\/enginyeria\/\" \/>\n<meta property=\"og:site_name\" content=\"BBA1 International Engineering\" \/>\n<meta property=\"article:modified_time\" content=\"2021-11-05T13:21:50+00:00\" \/>\n<meta name=\"twitter:card\" content=\"summary\" \/>\n<meta name=\"twitter:label1\" content=\"Temps estimat de lectura\" \/>\n\t<meta name=\"twitter:data1\" content=\"3 minuts\" \/>\n<script type=\"application\/ld+json\" class=\"yoast-schema-graph\">{\"@context\":\"https:\/\/schema.org\",\"@graph\":[{\"@type\":\"WebSite\",\"@id\":\"https:\/\/bba1ingenieros.com\/#website\",\"url\":\"https:\/\/bba1ingenieros.com\/\",\"name\":\"BBA1 International Engineering\",\"description\":\"- Serveis i Projectes d\\u2019Enginyeria, Saragossa - Empreses Enginyeria\",\"potentialAction\":[{\"@type\":\"SearchAction\",\"target\":{\"@type\":\"EntryPoint\",\"urlTemplate\":\"https:\/\/bba1ingenieros.com\/?s={search_term_string}\"},\"query-input\":\"required name=search_term_string\"}],\"inLanguage\":\"ca\"},{\"@type\":\"WebPage\",\"@id\":\"https:\/\/bba1ingenieros.com\/ca\/enginyeria\/#webpage\",\"url\":\"https:\/\/bba1ingenieros.com\/ca\/enginyeria\/\",\"name\":\"Enginyeria - BBA1 International Engineering\",\"isPartOf\":{\"@id\":\"https:\/\/bba1ingenieros.com\/#website\"},\"datePublished\":\"2016-07-25T07:58:26+00:00\",\"dateModified\":\"2021-11-05T13:21:50+00:00\",\"breadcrumb\":{\"@id\":\"https:\/\/bba1ingenieros.com\/ca\/enginyeria\/#breadcrumb\"},\"inLanguage\":\"ca\",\"potentialAction\":[{\"@type\":\"ReadAction\",\"target\":[\"https:\/\/bba1ingenieros.com\/ca\/enginyeria\/\"]}]},{\"@type\":\"BreadcrumbList\",\"@id\":\"https:\/\/bba1ingenieros.com\/ca\/enginyeria\/#breadcrumb\",\"itemListElement\":[{\"@type\":\"ListItem\",\"position\":1,\"name\":\"Portada\",\"item\":\"https:\/\/bba1ingenieros.com\/ca\/\"},{\"@type\":\"ListItem\",\"position\":2,\"name\":\"Enginyeria\"}]}]}<\/script>\n<!-- \/ Yoast SEO plugin. -->","yoast_head_json":{"title":"Enginyeria - BBA1 International Engineering","robots":{"index":"index","follow":"follow","max-snippet":"max-snippet:-1","max-image-preview":"max-image-preview:large","max-video-preview":"max-video-preview:-1"},"canonical":"https:\/\/bba1ingenieros.com\/ca\/enginyeria\/","og_locale":"ca_ES","og_type":"article","og_title":"Enginyeria - BBA1 International Engineering","og_url":"https:\/\/bba1ingenieros.com\/ca\/enginyeria\/","og_site_name":"BBA1 International Engineering","article_modified_time":"2021-11-05T13:21:50+00:00","twitter_card":"summary","twitter_misc":{"Temps estimat de lectura":"3 minuts"},"schema":{"@context":"https:\/\/schema.org","@graph":[{"@type":"WebSite","@id":"https:\/\/bba1ingenieros.com\/#website","url":"https:\/\/bba1ingenieros.com\/","name":"BBA1 International Engineering","description":"- Serveis i Projectes d\u2019Enginyeria, Saragossa - Empreses Enginyeria","potentialAction":[{"@type":"SearchAction","target":{"@type":"EntryPoint","urlTemplate":"https:\/\/bba1ingenieros.com\/?s={search_term_string}"},"query-input":"required name=search_term_string"}],"inLanguage":"ca"},{"@type":"WebPage","@id":"https:\/\/bba1ingenieros.com\/ca\/enginyeria\/#webpage","url":"https:\/\/bba1ingenieros.com\/ca\/enginyeria\/","name":"Enginyeria - BBA1 International Engineering","isPartOf":{"@id":"https:\/\/bba1ingenieros.com\/#website"},"datePublished":"2016-07-25T07:58:26+00:00","dateModified":"2021-11-05T13:21:50+00:00","breadcrumb":{"@id":"https:\/\/bba1ingenieros.com\/ca\/enginyeria\/#breadcrumb"},"inLanguage":"ca","potentialAction":[{"@type":"ReadAction","target":["https:\/\/bba1ingenieros.com\/ca\/enginyeria\/"]}]},{"@type":"BreadcrumbList","@id":"https:\/\/bba1ingenieros.com\/ca\/enginyeria\/#breadcrumb","itemListElement":[{"@type":"ListItem","position":1,"name":"Portada","item":"https:\/\/bba1ingenieros.com\/ca\/"},{"@type":"ListItem","position":2,"name":"Enginyeria"}]}]}},"_links":{"self":[{"href":"https:\/\/bba1ingenieros.com\/ca\/wp-json\/wp\/v2\/pages\/248"}],"collection":[{"href":"https:\/\/bba1ingenieros.com\/ca\/wp-json\/wp\/v2\/pages"}],"about":[{"href":"https:\/\/bba1ingenieros.com\/ca\/wp-json\/wp\/v2\/types\/page"}],"author":[{"embeddable":true,"href":"https:\/\/bba1ingenieros.com\/ca\/wp-json\/wp\/v2\/users\/2"}],"replies":[{"embeddable":true,"href":"https:\/\/bba1ingenieros.com\/ca\/wp-json\/wp\/v2\/comments?post=248"}],"version-history":[{"count":4,"href":"https:\/\/bba1ingenieros.com\/ca\/wp-json\/wp\/v2\/pages\/248\/revisions"}],"predecessor-version":[{"id":712,"href":"https:\/\/bba1ingenieros.com\/ca\/wp-json\/wp\/v2\/pages\/248\/revisions\/712"}],"wp:attachment":[{"href":"https:\/\/bba1ingenieros.com\/ca\/wp-json\/wp\/v2\/media?parent=248"}],"curies":[{"name":"wp","href":"https:\/\/api.w.org\/{rel}","templated":true}]}}